{"id":3423,"date":"2021-12-15T20:58:43","date_gmt":"2021-12-15T20:58:43","guid":{"rendered":"https:\/\/cvproducts.ca\/products-tree\/"},"modified":"2024-08-24T13:10:55","modified_gmt":"2024-08-24T13:10:55","slug":"arborescence-des-produits","status":"publish","type":"page","link":"https:\/\/cvproducts.ca\/fr\/arborescence-des-produits\/","title":{"rendered":"Arborescence des produits"},"content":{"rendered":"<div class=\"bk-inter-hero  \">\n    <div class=\"wrapper-s\">\n                    <span class=\"breadcrumbs\"><!-- Breadcrumb NavXT 7.4.1 -->\n<span property=\"itemListElement\" typeof=\"ListItem\"><a property=\"item\" typeof=\"WebPage\" title=\"Go to CVP Valves.\" href=\"https:\/\/cvproducts.ca\/fr\/\" class=\"home\" ><span property=\"name\">Home<\/span><\/a><meta property=\"position\" content=\"1\"><\/span> <i>&gt; <\/i><span property=\"itemListElement\" typeof=\"ListItem\"><a property=\"item\" typeof=\"WebPage\" title=\"Go to \u00c0 propos de nous.\" href=\"https:\/\/cvproducts.ca\/fr\/a-propos\/\" class=\"post post-page\" ><span property=\"name\">\u00c0 propos de nous<\/span><\/a><meta property=\"position\" content=\"2\"><\/span> <i>&gt; <\/i><span property=\"itemListElement\" typeof=\"ListItem\"><a property=\"item\" typeof=\"WebPage\" title=\"Go to Nos nouvelles.\" href=\"https:\/\/cvproducts.ca\/fr\/a-propos\/our-news\/\" class=\"post-root post post-post\" aria-current=\"page\"><span property=\"name\">Nos nouvelles<\/span><\/a><meta property=\"position\" content=\"3\"><\/span><\/span>\n                                <div class=\"content\">\n            <span class=\"sup-title\">Vannes<\/span>            <h1>Arborescence des produits <\/h1>\t\t\t<span class=\"sub-title\">D\u00e9couvrez en un coup d&#8217;\u0153il notre gamme de produits innovants pour l&#8217;analyse des gaz. Vous ne trouvez pas ce que vous cherchez ? Nous aimons relever des d\u00e9fis et personnaliser nos produits. N&#8217;h\u00e9sitez pas \u00e0 nous mettre \u00e0 l&#8217;\u00e9preuve !<\/span>                    <\/div>\n            <\/div>\n<\/div>\n\n\n\n<div class=\"wp-block-group alignfull wrapper-s is-layout-constrained wp-block-group-is-layout-constrained\">\n<hr class=\"wp-block-separator has-text-color has-light-blue-color has-alpha-channel-opacity has-light-blue-background-color has-background\"\/>\n\n\n\n<h2 class=\"wp-block-heading has-medium-font-size\">Our valves<\/h2>\n\n\n\n<div class=\"wp-block-columns is-layout-flex wp-container-core-columns-is-layout-a5cf46d6 wp-block-columns-is-layout-flex\" style=\"margin-bottom:var(--wp--preset--spacing--40)\">\n<div class=\"wp-block-column is-layout-flow wp-block-column-is-layout-flow\">\n<figure class=\"wp-block-image aligncenter size-full\"><img loading=\"lazy\" decoding=\"async\" width=\"395\" height=\"395\" src=\"https:\/\/cvproducts.ca\/wp-content\/uploads\/2024\/08\/Component-1.png\" alt=\"\" class=\"wp-image-4269\" srcset=\"https:\/\/cvproducts.ca\/wp-content\/uploads\/2024\/08\/Component-1.png 395w, https:\/\/cvproducts.ca\/wp-content\/uploads\/2024\/08\/Component-1-300x300.png 300w, https:\/\/cvproducts.ca\/wp-content\/uploads\/2024\/08\/Component-1-150x150.png 150w\" sizes=\"auto, (max-width: 395px) 100vw, 395px\" \/><\/figure>\n\n\n\n<div class=\"wp-block-group hover-up is-layout-constrained wp-block-group-is-layout-constrained\">\n<p class=\"has-text-align-center has-bleu-color has-text-color has-link-color has-medium-font-size wp-elements-e526e92c156fa5c6f13bf453e1f5d64b\"><strong><a href=\"https:\/\/cvproducts.ca\/products\/gc-valves-purged-lip-sealing-valve-plsv\/\">Purged Lip Sealing Valve<\/a><\/strong><\/p>\n\n\n\n<figure class=\"wp-block-image aligncenter size-full\"><img loading=\"lazy\" decoding=\"async\" width=\"44\" height=\"42\" src=\"https:\/\/cvproducts.ca\/wp-content\/uploads\/2024\/08\/38px.svg\" alt=\"\" class=\"wp-image-4496\"\/><\/figure>\n<\/div>\n<\/div>\n\n\n\n<div class=\"wp-block-column is-layout-flow wp-block-column-is-layout-flow\">\n<figure class=\"wp-block-image aligncenter size-full\"><img loading=\"lazy\" decoding=\"async\" width=\"395\" height=\"395\" src=\"https:\/\/cvproducts.ca\/wp-content\/uploads\/2024\/08\/CVP-Valves-ASDV-06-2.png\" alt=\"\" class=\"wp-image-4275\" srcset=\"https:\/\/cvproducts.ca\/wp-content\/uploads\/2024\/08\/CVP-Valves-ASDV-06-2.png 395w, https:\/\/cvproducts.ca\/wp-content\/uploads\/2024\/08\/CVP-Valves-ASDV-06-2-300x300.png 300w, https:\/\/cvproducts.ca\/wp-content\/uploads\/2024\/08\/CVP-Valves-ASDV-06-2-150x150.png 150w\" sizes=\"auto, (max-width: 395px) 100vw, 395px\" \/><\/figure>\n\n\n\n<div class=\"wp-block-group hover-up is-layout-constrained wp-block-group-is-layout-constrained\">\n<p class=\"has-text-align-center has-bleu-color has-text-color has-link-color has-medium-font-size wp-elements-b797845f31dd0c4cf6f7106697761e02\"><strong><a href=\"https:\/\/cvproducts.ca\/products\/purged-pulse-diaphragm-valve-ppdv\/\">Pulse Purge Diaphragm Valve<\/a><\/strong><\/p>\n\n\n\n<figure class=\"wp-block-image aligncenter size-full\"><img loading=\"lazy\" decoding=\"async\" width=\"44\" height=\"42\" src=\"https:\/\/cvproducts.ca\/wp-content\/uploads\/2024\/08\/38px.svg\" alt=\"\" class=\"wp-image-4496\"\/><\/figure>\n<\/div>\n<\/div>\n\n\n\n<div class=\"wp-block-column is-layout-flow wp-block-column-is-layout-flow\">\n<figure class=\"wp-block-image aligncenter size-full\"><img loading=\"lazy\" decoding=\"async\" width=\"395\" height=\"395\" src=\"https:\/\/cvproducts.ca\/wp-content\/uploads\/2024\/08\/CVP-Valve-HPLC-1.png\" alt=\"\" class=\"wp-image-4272\" srcset=\"https:\/\/cvproducts.ca\/wp-content\/uploads\/2024\/08\/CVP-Valve-HPLC-1.png 395w, https:\/\/cvproducts.ca\/wp-content\/uploads\/2024\/08\/CVP-Valve-HPLC-1-300x300.png 300w, https:\/\/cvproducts.ca\/wp-content\/uploads\/2024\/08\/CVP-Valve-HPLC-1-150x150.png 150w\" sizes=\"auto, (max-width: 395px) 100vw, 395px\" \/><\/figure>\n\n\n\n<div class=\"wp-block-group hover-up is-layout-constrained wp-block-group-is-layout-constrained\">\n<p class=\"has-text-align-center has-bleu-color has-text-color has-link-color has-medium-font-size wp-elements-c08fc2ea8202cacbf0caa959f6e1ec52\"><strong><a href=\"https:\/\/cvproducts.ca\/products\/hplc-valve-wear-proof-valve\/\">HPLC wear-proof valve<\/a><\/strong><\/p>\n\n\n\n<figure class=\"wp-block-image aligncenter size-full\"><img loading=\"lazy\" decoding=\"async\" width=\"44\" height=\"42\" src=\"https:\/\/cvproducts.ca\/wp-content\/uploads\/2024\/08\/38px.svg\" alt=\"\" class=\"wp-image-4496\"\/><\/figure>\n<\/div>\n<\/div>\n<\/div>\n\n\n\n<div class=\"wp-block-columns is-layout-flex wp-container-core-columns-is-layout-28f84493 wp-block-columns-is-layout-flex\">\n<div class=\"wp-block-column is-layout-flow wp-block-column-is-layout-flow\">\n<figure class=\"wp-block-image aligncenter size-full\"><img loading=\"lazy\" decoding=\"async\" width=\"600\" height=\"394\" src=\"https:\/\/cvproducts.ca\/wp-content\/uploads\/2024\/02\/r_IMGP92323_2-1-.png\" alt=\"\" class=\"wp-image-3585\" srcset=\"https:\/\/cvproducts.ca\/wp-content\/uploads\/2024\/02\/r_IMGP92323_2-1-.png 600w, https:\/\/cvproducts.ca\/wp-content\/uploads\/2024\/02\/r_IMGP92323_2-1--300x197.png 300w, https:\/\/cvproducts.ca\/wp-content\/uploads\/2024\/02\/r_IMGP92323_2-1--580x380.png 580w\" sizes=\"auto, (max-width: 600px) 100vw, 600px\" \/><\/figure>\n\n\n\n<div class=\"wp-block-group hover-up is-layout-constrained wp-block-group-is-layout-constrained\">\n<p class=\"has-text-align-center has-bleu-color has-text-color has-link-color has-medium-font-size wp-elements-e06d8b1012e51af3f523a95910aea02c\"><strong><a href=\"https:\/\/cvproducts.ca\/products\/gc-valves-purged-lip-sealing-valve-plsv\/\">PLSV purged lip sealing valve<\/a><\/strong><\/p>\n\n\n\n<figure class=\"wp-block-image aligncenter size-full\"><img loading=\"lazy\" decoding=\"async\" width=\"44\" height=\"42\" src=\"https:\/\/cvproducts.ca\/wp-content\/uploads\/2024\/08\/38px.svg\" alt=\"\" class=\"wp-image-4496\"\/><\/figure>\n<\/div>\n<\/div>\n\n\n\n<div class=\"wp-block-column is-layout-flow wp-block-column-is-layout-flow\"><\/div>\n\n\n\n<div class=\"wp-block-column is-layout-flow wp-block-column-is-layout-flow\"><\/div>\n<\/div>\n\n\n\n<hr class=\"wp-block-separator has-text-color has-light-blue-color has-alpha-channel-opacity has-light-blue-background-color has-background\" style=\"margin-top:var(--wp--preset--spacing--40);margin-bottom:var(--wp--preset--spacing--40)\"\/>\n\n\n\n<h2 class=\"wp-block-heading has-medium-font-size\" style=\"margin-bottom:var(--wp--preset--spacing--30)\">Tubes and fittings<\/h2>\n\n\n\n<div class=\"wp-block-columns is-layout-flex wp-container-core-columns-is-layout-a5cf46d6 wp-block-columns-is-layout-flex\" style=\"margin-bottom:var(--wp--preset--spacing--40)\">\n<div class=\"wp-block-column is-layout-flow wp-block-column-is-layout-flow\">\n<figure class=\"wp-block-image aligncenter size-full\"><img loading=\"lazy\" decoding=\"async\" width=\"576\" height=\"376\" src=\"https:\/\/cvproducts.ca\/wp-content\/uploads\/2021\/11\/CompressionFittings-x.png\" alt=\"\" class=\"wp-image-1684\" srcset=\"https:\/\/cvproducts.ca\/wp-content\/uploads\/2021\/11\/CompressionFittings-x.png 576w, https:\/\/cvproducts.ca\/wp-content\/uploads\/2021\/11\/CompressionFittings-x-300x196.png 300w\" sizes=\"auto, (max-width: 576px) 100vw, 576px\" \/><\/figure>\n\n\n\n<div class=\"wp-block-group hover-up is-layout-constrained wp-block-group-is-layout-constrained\">\n<p class=\"has-text-align-center has-bleu-color has-text-color has-link-color has-medium-font-size wp-elements-e6880e09e1fe5d8f3a4587a1d366b67b\"><strong><a href=\"https:\/\/cvproducts.ca\/products\/compression-fittings\/\">Compression fittings<\/a><\/strong><\/p>\n\n\n\n<figure class=\"wp-block-image aligncenter size-full\"><img loading=\"lazy\" decoding=\"async\" width=\"44\" height=\"42\" src=\"https:\/\/cvproducts.ca\/wp-content\/uploads\/2024\/08\/38px.svg\" alt=\"\" class=\"wp-image-4496\"\/><\/figure>\n<\/div>\n<\/div>\n\n\n\n<div class=\"wp-block-column is-layout-flow wp-block-column-is-layout-flow\">\n<figure class=\"wp-block-image aligncenter size-full\"><img loading=\"lazy\" decoding=\"async\" width=\"576\" height=\"376\" src=\"https:\/\/cvproducts.ca\/wp-content\/uploads\/2021\/11\/AnalyticalFittings-x.png\" alt=\"\" class=\"wp-image-1686\" srcset=\"https:\/\/cvproducts.ca\/wp-content\/uploads\/2021\/11\/AnalyticalFittings-x.png 576w, https:\/\/cvproducts.ca\/wp-content\/uploads\/2021\/11\/AnalyticalFittings-x-300x196.png 300w\" sizes=\"auto, (max-width: 576px) 100vw, 576px\" \/><\/figure>\n\n\n\n<div class=\"wp-block-group hover-up is-layout-constrained wp-block-group-is-layout-constrained\">\n<p class=\"has-text-align-center has-bleu-color has-text-color has-link-color has-medium-font-size wp-elements-ea934b2b5109a52af05ceaa6a32f83a4\"><strong><a href=\"https:\/\/cvproducts.ca\/products\/analytical-fittings\/\">Analytical fittings<\/a><\/strong><\/p>\n\n\n\n<figure class=\"wp-block-image aligncenter size-full\"><img loading=\"lazy\" decoding=\"async\" width=\"44\" height=\"42\" src=\"https:\/\/cvproducts.ca\/wp-content\/uploads\/2024\/08\/38px.svg\" alt=\"\" class=\"wp-image-4496\"\/><\/figure>\n<\/div>\n<\/div>\n\n\n\n<div class=\"wp-block-column is-layout-flow wp-block-column-is-layout-flow\">\n<figure class=\"wp-block-image aligncenter size-full\"><img loading=\"lazy\" decoding=\"async\" width=\"576\" height=\"376\" src=\"https:\/\/cvproducts.ca\/wp-content\/uploads\/2024\/08\/CompressionFittings-x.jpg\" alt=\"\" class=\"wp-image-4506\" srcset=\"https:\/\/cvproducts.ca\/wp-content\/uploads\/2024\/08\/CompressionFittings-x.jpg 576w, https:\/\/cvproducts.ca\/wp-content\/uploads\/2024\/08\/CompressionFittings-x-300x196.jpg 300w\" sizes=\"auto, (max-width: 576px) 100vw, 576px\" \/><\/figure>\n\n\n\n<div class=\"wp-block-group hover-up is-layout-constrained wp-block-group-is-layout-constrained\">\n<p class=\"has-text-align-center has-bleu-color has-text-color has-link-color has-medium-font-size wp-elements-3be6a0acd30f98976db8d3d6157c8392\"><strong><a href=\"https:\/\/cvproducts.ca\/products\/analytical-tubes\/\">Analytical tubes<\/a><\/strong><\/p>\n\n\n\n<figure class=\"wp-block-image aligncenter size-full\"><img loading=\"lazy\" decoding=\"async\" width=\"44\" height=\"42\" src=\"https:\/\/cvproducts.ca\/wp-content\/uploads\/2024\/08\/38px.svg\" alt=\"\" class=\"wp-image-4496\"\/><\/figure>\n<\/div>\n<\/div>\n<\/div>\n\n\n\n<hr class=\"wp-block-separator has-text-color has-light-blue-color has-alpha-channel-opacity has-light-blue-background-color has-background\" style=\"margin-top:var(--wp--preset--spacing--40);margin-bottom:var(--wp--preset--spacing--40)\"\/>\n\n\n\n<h2 class=\"wp-block-heading has-medium-font-size\" style=\"margin-bottom:var(--wp--preset--spacing--40)\">PLSV accessories<\/h2>\n\n\n\n<div class=\"wp-block-columns is-layout-flex wp-container-core-columns-is-layout-a5cf46d6 wp-block-columns-is-layout-flex\" style=\"margin-bottom:var(--wp--preset--spacing--40)\">\n<div class=\"wp-block-column is-layout-flow wp-block-column-is-layout-flow\">\n<figure class=\"wp-block-image aligncenter size-full\"><img loading=\"lazy\" decoding=\"async\" width=\"576\" height=\"376\" src=\"https:\/\/cvproducts.ca\/wp-content\/uploads\/2024\/08\/CompressionFittings-x-1.jpg\" alt=\"\" class=\"wp-image-4514\" srcset=\"https:\/\/cvproducts.ca\/wp-content\/uploads\/2024\/08\/CompressionFittings-x-1.jpg 576w, https:\/\/cvproducts.ca\/wp-content\/uploads\/2024\/08\/CompressionFittings-x-1-300x196.jpg 300w\" sizes=\"auto, (max-width: 576px) 100vw, 576px\" \/><\/figure>\n\n\n\n<div class=\"wp-block-group is-layout-constrained wp-block-group-is-layout-constrained\">\n<p class=\"has-text-align-center has-black-color has-text-color has-link-color has-medium-font-size wp-elements-5743e93554ec234b6ac0de8709267b59\"><strong>Compact Pneumatic Actuator (CPA)<\/strong><\/p>\n<\/div>\n<\/div>\n\n\n\n<div class=\"wp-block-column is-layout-flow wp-block-column-is-layout-flow\">\n<figure class=\"wp-block-image aligncenter size-full\"><img loading=\"lazy\" decoding=\"async\" width=\"576\" height=\"376\" src=\"https:\/\/cvproducts.ca\/wp-content\/uploads\/2024\/08\/CompressionFittings-x2.jpg\" alt=\"\" class=\"wp-image-4517\" srcset=\"https:\/\/cvproducts.ca\/wp-content\/uploads\/2024\/08\/CompressionFittings-x2.jpg 576w, https:\/\/cvproducts.ca\/wp-content\/uploads\/2024\/08\/CompressionFittings-x2-300x196.jpg 300w\" sizes=\"auto, (max-width: 576px) 100vw, 576px\" \/><\/figure>\n\n\n\n<div class=\"wp-block-group is-layout-constrained wp-block-group-is-layout-constrained\">\n<p class=\"has-text-align-center has-black-color has-text-color has-link-color has-medium-font-size wp-elements-cb4503d48da152848240a9d1d37d11d8\"><strong>Compact Electrical Actuator (CEA)<\/strong><\/p>\n<\/div>\n<\/div>\n\n\n\n<div class=\"wp-block-column is-layout-flow wp-block-column-is-layout-flow\">\n<figure class=\"wp-block-image aligncenter size-full\"><img loading=\"lazy\" decoding=\"async\" width=\"576\" height=\"376\" src=\"https:\/\/cvproducts.ca\/wp-content\/uploads\/2024\/08\/CompressionFittings-x3.jpg\" alt=\"\" class=\"wp-image-4511\" srcset=\"https:\/\/cvproducts.ca\/wp-content\/uploads\/2024\/08\/CompressionFittings-x3.jpg 576w, https:\/\/cvproducts.ca\/wp-content\/uploads\/2024\/08\/CompressionFittings-x3-300x196.jpg 300w\" sizes=\"auto, (max-width: 576px) 100vw, 576px\" \/><\/figure>\n\n\n\n<div class=\"wp-block-group is-layout-constrained wp-block-group-is-layout-constrained\">\n<p class=\"has-text-align-center has-black-color has-text-color has-link-color has-medium-font-size wp-elements-4a6fc8b18373acaaa963dc017a293793\"><strong>Multi-Position Actuator (MPA)<\/strong><\/p>\n<\/div>\n<\/div>\n<\/div>\n\n\n\n<div class=\"wp-block-columns is-layout-flex wp-container-core-columns-is-layout-28f84493 wp-block-columns-is-layout-flex\">\n<div class=\"wp-block-column is-layout-flow wp-block-column-is-layout-flow\">\n<figure class=\"wp-block-image aligncenter size-full\"><img loading=\"lazy\" decoding=\"async\" width=\"576\" height=\"376\" src=\"https:\/\/cvproducts.ca\/wp-content\/uploads\/2024\/08\/CompressionFittings-x4.jpg\" alt=\"\" class=\"wp-image-4520\" srcset=\"https:\/\/cvproducts.ca\/wp-content\/uploads\/2024\/08\/CompressionFittings-x4.jpg 576w, https:\/\/cvproducts.ca\/wp-content\/uploads\/2024\/08\/CompressionFittings-x4-300x196.jpg 300w\" sizes=\"auto, (max-width: 576px) 100vw, 576px\" \/><\/figure>\n\n\n\n<div class=\"wp-block-group is-layout-constrained wp-block-group-is-layout-constrained\">\n<p class=\"has-text-align-center has-black-color has-text-color has-link-color has-medium-font-size wp-elements-89d9f1f59ab99d6910b2389fd6290068\"><strong>Manual Actuator (MA)<\/strong><\/p>\n<\/div>\n<\/div>\n\n\n\n<div class=\"wp-block-column is-layout-flow wp-block-column-is-layout-flow\">\n<div class=\"wp-block-group hover-up is-layout-constrained wp-block-group-is-layout-constrained\">\n<figure class=\"wp-block-image aligncenter size-full\"><img loading=\"lazy\" decoding=\"async\" width=\"44\" height=\"42\" src=\"https:\/\/cvproducts.ca\/wp-content\/uploads\/2024\/08\/38px.png\" alt=\"\" class=\"wp-image-4278\"\/><\/figure>\n<\/div>\n<\/div>\n\n\n\n<div class=\"wp-block-column is-layout-flow wp-block-column-is-layout-flow\">\n<div class=\"wp-block-group hover-up is-layout-constrained wp-block-group-is-layout-constrained\">\n<figure class=\"wp-block-image aligncenter size-full\"><img loading=\"lazy\" decoding=\"async\" width=\"44\" height=\"42\" src=\"https:\/\/cvproducts.ca\/wp-content\/uploads\/2024\/08\/38px.png\" alt=\"\" class=\"wp-image-4278\"\/><\/figure>\n<\/div>\n<\/div>\n<\/div>\n<\/div>\n\n\n\n<div style=\"height:var(--wp--preset--spacing--80)\" aria-hidden=\"true\" class=\"wp-block-spacer\"><\/div>\n","protected":false},"excerpt":{"rendered":"<p>Our valves Purged Lip Sealing Valve Pulse Purge Diaphragm Valve HPLC wear-proof valve PLSV purged lip sealing valve Tubes and fittings Compression fittings Analytical fittings Analytical tubes PLSV accessories Compact Pneumatic Actuator (CPA) Compact Electrical Actuator (CEA) Multi-Position Actuator (MPA) Manual Actuator (MA)<\/p>\n","protected":false},"author":1,"featured_media":4826,"parent":0,"menu_order":0,"comment_status":"closed","ping_status":"closed","template":"template-product-tree.php","meta":{"_acf_changed":false,"inline_featured_image":false,"footnotes":""},"class_list":["post-3423","page","type-page","status-publish","has-post-thumbnail","hentry"],"acf":[],"yoast_head":"<!-- This site is optimized with the Yoast SEO plugin v26.4 - https:\/\/yoast.com\/wordpress\/plugins\/seo\/ -->\n<title>Arborescence des produits - CVP Valves<\/title>\n<meta name=\"description\" content=\"Instruments robustes et ultra-pr\u00e9cis d&#039;analyse des gaz pour les semi-conducteurs, la puret\u00e9 de l&#039;hydrog\u00e8ne et gaz industriels.\" \/>\n<meta name=\"robots\" content=\"index, follow, max-snippet:-1, max-image-preview:large, max-video-preview:-1\" \/>\n<link rel=\"canonical\" href=\"https:\/\/cvproducts.ca\/products-tree\/\" \/>\n<meta property=\"og:locale\" content=\"fr_FR\" \/>\n<meta property=\"og:type\" content=\"article\" \/>\n<meta property=\"og:title\" content=\"Arborescence des produits - CVP Valves\" \/>\n<meta property=\"og:description\" content=\"Instruments robustes et ultra-pr\u00e9cis d&#039;analyse des gaz pour les semi-conducteurs, la puret\u00e9 de l&#039;hydrog\u00e8ne et gaz industriels.\" \/>\n<meta property=\"og:url\" content=\"https:\/\/cvproducts.ca\/products-tree\/\" \/>\n<meta property=\"og:site_name\" content=\"CVP Valves\" \/>\n<meta property=\"article:modified_time\" content=\"2024-08-24T13:10:55+00:00\" \/>\n<meta property=\"og:image\" content=\"https:\/\/cvproducts.ca\/wp-content\/uploads\/2021\/11\/Family@1x.png\" \/>\n\t<meta property=\"og:image:width\" content=\"669\" \/>\n\t<meta property=\"og:image:height\" content=\"447\" \/>\n\t<meta property=\"og:image:type\" content=\"image\/png\" \/>\n<meta name=\"twitter:card\" content=\"summary_large_image\" \/>\n<meta name=\"twitter:label1\" content=\"Est. reading time\" \/>\n\t<meta name=\"twitter:data1\" content=\"5 minutes\" \/>\n<script type=\"application\/ld+json\" class=\"yoast-schema-graph\">{\"@context\":\"https:\/\/schema.org\",\"@graph\":[{\"@type\":\"WebPage\",\"@id\":\"https:\/\/cvproducts.ca\/products-tree\/\",\"url\":\"https:\/\/cvproducts.ca\/products-tree\/\",\"name\":\"Arborescence des produits - CVP Valves\",\"isPartOf\":{\"@id\":\"https:\/\/cvproducts.ca\/#website\"},\"primaryImageOfPage\":{\"@id\":\"https:\/\/cvproducts.ca\/products-tree\/#primaryimage\"},\"image\":{\"@id\":\"https:\/\/cvproducts.ca\/products-tree\/#primaryimage\"},\"thumbnailUrl\":\"https:\/\/cvproducts.ca\/wp-content\/uploads\/2025\/11\/Capture-decran-le-2025-11-19-a-12.23.23.png\",\"datePublished\":\"2021-12-15T20:58:43+00:00\",\"dateModified\":\"2024-08-24T13:10:55+00:00\",\"description\":\"Instruments robustes et ultra-pr\u00e9cis d'analyse des gaz pour les semi-conducteurs, la puret\u00e9 de l'hydrog\u00e8ne et gaz industriels.\",\"breadcrumb\":{\"@id\":\"https:\/\/cvproducts.ca\/products-tree\/#breadcrumb\"},\"inLanguage\":\"fr-FR\",\"potentialAction\":[{\"@type\":\"ReadAction\",\"target\":[\"https:\/\/cvproducts.ca\/products-tree\/\"]}]},{\"@type\":\"ImageObject\",\"inLanguage\":\"fr-FR\",\"@id\":\"https:\/\/cvproducts.ca\/products-tree\/#primaryimage\",\"url\":\"https:\/\/cvproducts.ca\/wp-content\/uploads\/2025\/11\/Capture-decran-le-2025-11-19-a-12.23.23.png\",\"contentUrl\":\"https:\/\/cvproducts.ca\/wp-content\/uploads\/2025\/11\/Capture-decran-le-2025-11-19-a-12.23.23.png\",\"width\":292,\"height\":308},{\"@type\":\"BreadcrumbList\",\"@id\":\"https:\/\/cvproducts.ca\/products-tree\/#breadcrumb\",\"itemListElement\":[{\"@type\":\"ListItem\",\"position\":1,\"name\":\"Home\",\"item\":\"https:\/\/cvproducts.ca\/fr\/\"},{\"@type\":\"ListItem\",\"position\":2,\"name\":\"Arborescence des produits\"}]},{\"@type\":\"WebSite\",\"@id\":\"https:\/\/cvproducts.ca\/#website\",\"url\":\"https:\/\/cvproducts.ca\/\",\"name\":\"CVProducts\",\"description\":\"\",\"publisher\":{\"@id\":\"https:\/\/cvproducts.ca\/#organization\"},\"potentialAction\":[{\"@type\":\"SearchAction\",\"target\":{\"@type\":\"EntryPoint\",\"urlTemplate\":\"https:\/\/cvproducts.ca\/?s={search_term_string}\"},\"query-input\":{\"@type\":\"PropertyValueSpecification\",\"valueRequired\":true,\"valueName\":\"search_term_string\"}}],\"inLanguage\":\"fr-FR\"},{\"@type\":\"Organization\",\"@id\":\"https:\/\/cvproducts.ca\/#organization\",\"name\":\"CVProducts\",\"url\":\"https:\/\/cvproducts.ca\/\",\"logo\":{\"@type\":\"ImageObject\",\"inLanguage\":\"fr-FR\",\"@id\":\"https:\/\/cvproducts.ca\/#\/schema\/logo\/image\/\",\"url\":\"https:\/\/cvproducts.ca\/wp-content\/uploads\/2025\/05\/logo-cvp.jpg\",\"contentUrl\":\"https:\/\/cvproducts.ca\/wp-content\/uploads\/2025\/05\/logo-cvp.jpg\",\"width\":294,\"height\":177,\"caption\":\"CVProducts\"},\"image\":{\"@id\":\"https:\/\/cvproducts.ca\/#\/schema\/logo\/image\/\"},\"sameAs\":[\"https:\/\/www.linkedin.com\/company\/asdevices\/mycompany\/?viewAsMember=true\"]}]}<\/script>\n<!-- \/ Yoast SEO plugin. -->","yoast_head_json":{"title":"Arborescence des produits - CVP Valves","description":"Instruments robustes et ultra-pr\u00e9cis d'analyse des gaz pour les semi-conducteurs, la puret\u00e9 de l'hydrog\u00e8ne et gaz industriels.","robots":{"index":"index","follow":"follow","max-snippet":"max-snippet:-1","max-image-preview":"max-image-preview:large","max-video-preview":"max-video-preview:-1"},"canonical":"https:\/\/cvproducts.ca\/products-tree\/","og_locale":"fr_FR","og_type":"article","og_title":"Arborescence des produits - CVP Valves","og_description":"Instruments robustes et ultra-pr\u00e9cis d'analyse des gaz pour les semi-conducteurs, la puret\u00e9 de l'hydrog\u00e8ne et gaz industriels.","og_url":"https:\/\/cvproducts.ca\/products-tree\/","og_site_name":"CVP Valves","article_modified_time":"2024-08-24T13:10:55+00:00","og_image":[{"width":669,"height":447,"url":"https:\/\/cvproducts.ca\/wp-content\/uploads\/2021\/11\/Family@1x.png","type":"image\/png"}],"twitter_card":"summary_large_image","twitter_misc":{"Est. reading time":"5 minutes"},"schema":{"@context":"https:\/\/schema.org","@graph":[{"@type":"WebPage","@id":"https:\/\/cvproducts.ca\/products-tree\/","url":"https:\/\/cvproducts.ca\/products-tree\/","name":"Arborescence des produits - CVP Valves","isPartOf":{"@id":"https:\/\/cvproducts.ca\/#website"},"primaryImageOfPage":{"@id":"https:\/\/cvproducts.ca\/products-tree\/#primaryimage"},"image":{"@id":"https:\/\/cvproducts.ca\/products-tree\/#primaryimage"},"thumbnailUrl":"https:\/\/cvproducts.ca\/wp-content\/uploads\/2025\/11\/Capture-decran-le-2025-11-19-a-12.23.23.png","datePublished":"2021-12-15T20:58:43+00:00","dateModified":"2024-08-24T13:10:55+00:00","description":"Instruments robustes et ultra-pr\u00e9cis d'analyse des gaz pour les semi-conducteurs, la puret\u00e9 de l'hydrog\u00e8ne et gaz industriels.","breadcrumb":{"@id":"https:\/\/cvproducts.ca\/products-tree\/#breadcrumb"},"inLanguage":"fr-FR","potentialAction":[{"@type":"ReadAction","target":["https:\/\/cvproducts.ca\/products-tree\/"]}]},{"@type":"ImageObject","inLanguage":"fr-FR","@id":"https:\/\/cvproducts.ca\/products-tree\/#primaryimage","url":"https:\/\/cvproducts.ca\/wp-content\/uploads\/2025\/11\/Capture-decran-le-2025-11-19-a-12.23.23.png","contentUrl":"https:\/\/cvproducts.ca\/wp-content\/uploads\/2025\/11\/Capture-decran-le-2025-11-19-a-12.23.23.png","width":292,"height":308},{"@type":"BreadcrumbList","@id":"https:\/\/cvproducts.ca\/products-tree\/#breadcrumb","itemListElement":[{"@type":"ListItem","position":1,"name":"Home","item":"https:\/\/cvproducts.ca\/fr\/"},{"@type":"ListItem","position":2,"name":"Arborescence des produits"}]},{"@type":"WebSite","@id":"https:\/\/cvproducts.ca\/#website","url":"https:\/\/cvproducts.ca\/","name":"CVProducts","description":"","publisher":{"@id":"https:\/\/cvproducts.ca\/#organization"},"potentialAction":[{"@type":"SearchAction","target":{"@type":"EntryPoint","urlTemplate":"https:\/\/cvproducts.ca\/?s={search_term_string}"},"query-input":{"@type":"PropertyValueSpecification","valueRequired":true,"valueName":"search_term_string"}}],"inLanguage":"fr-FR"},{"@type":"Organization","@id":"https:\/\/cvproducts.ca\/#organization","name":"CVProducts","url":"https:\/\/cvproducts.ca\/","logo":{"@type":"ImageObject","inLanguage":"fr-FR","@id":"https:\/\/cvproducts.ca\/#\/schema\/logo\/image\/","url":"https:\/\/cvproducts.ca\/wp-content\/uploads\/2025\/05\/logo-cvp.jpg","contentUrl":"https:\/\/cvproducts.ca\/wp-content\/uploads\/2025\/05\/logo-cvp.jpg","width":294,"height":177,"caption":"CVProducts"},"image":{"@id":"https:\/\/cvproducts.ca\/#\/schema\/logo\/image\/"},"sameAs":["https:\/\/www.linkedin.com\/company\/asdevices\/mycompany\/?viewAsMember=true"]}]}},"_links":{"self":[{"href":"https:\/\/cvproducts.ca\/fr\/wp-json\/wp\/v2\/pages\/3423","targetHints":{"allow":["GET"]}}],"collection":[{"href":"https:\/\/cvproducts.ca\/fr\/wp-json\/wp\/v2\/pages"}],"about":[{"href":"https:\/\/cvproducts.ca\/fr\/wp-json\/wp\/v2\/types\/page"}],"author":[{"embeddable":true,"href":"https:\/\/cvproducts.ca\/fr\/wp-json\/wp\/v2\/users\/1"}],"replies":[{"embeddable":true,"href":"https:\/\/cvproducts.ca\/fr\/wp-json\/wp\/v2\/comments?post=3423"}],"version-history":[{"count":4,"href":"https:\/\/cvproducts.ca\/fr\/wp-json\/wp\/v2\/pages\/3423\/revisions"}],"predecessor-version":[{"id":4634,"href":"https:\/\/cvproducts.ca\/fr\/wp-json\/wp\/v2\/pages\/3423\/revisions\/4634"}],"wp:featuredmedia":[{"embeddable":true,"href":"https:\/\/cvproducts.ca\/fr\/wp-json\/wp\/v2\/media\/4826"}],"wp:attachment":[{"href":"https:\/\/cvproducts.ca\/fr\/wp-json\/wp\/v2\/media?parent=3423"}],"curies":[{"name":"wp","href":"https:\/\/api.w.org\/{rel}","templated":true}]}}