{"id":3394,"date":"2021-11-25T19:47:48","date_gmt":"2021-11-25T19:47:48","guid":{"rendered":"https:\/\/cvproducts.ca\/onlinesolutions\/"},"modified":"2024-01-19T19:55:44","modified_gmt":"2024-01-19T19:55:44","slug":"onlinesolutions","status":"publish","type":"page","link":"https:\/\/cvproducts.ca\/fr\/onlinesolutions\/","title":{"rendered":"Solutions en continu"},"content":{"rendered":"<div class=\"bk-inter-hero  \">\n    <div class=\"wrapper-s\">\n                    <span class=\"breadcrumbs\"><!-- Breadcrumb NavXT 7.4.1 -->\n<span property=\"itemListElement\" typeof=\"ListItem\"><a property=\"item\" typeof=\"WebPage\" title=\"Go to CVP Valves.\" href=\"https:\/\/cvproducts.ca\/fr\/\" class=\"home\" ><span property=\"name\">Home<\/span><\/a><meta property=\"position\" content=\"1\"><\/span> <i>&gt; <\/i><span property=\"itemListElement\" typeof=\"ListItem\"><a property=\"item\" typeof=\"WebPage\" title=\"Go to \u00c0 propos de nous.\" href=\"https:\/\/cvproducts.ca\/fr\/a-propos\/\" class=\"post post-page\" ><span property=\"name\">\u00c0 propos de nous<\/span><\/a><meta property=\"position\" content=\"2\"><\/span> <i>&gt; <\/i><span property=\"itemListElement\" typeof=\"ListItem\"><a property=\"item\" typeof=\"WebPage\" title=\"Go to Nos nouvelles.\" href=\"https:\/\/cvproducts.ca\/fr\/a-propos\/our-news\/\" class=\"post-root post post-post\" aria-current=\"page\"><span property=\"name\">Nos nouvelles<\/span><\/a><meta property=\"position\" content=\"3\"><\/span><\/span>\n                            <div class=\"image\">\n                                                                                        <img decoding=\"async\" src=\"https:\/\/cvproducts.ca\/wp-content\/uploads\/2021\/12\/hero@1x.png\" alt=\"\">\n                                                                        <\/div>\n                        <div class=\"content\">\n            <span class=\"sup-title\">SOLUTIONS CGA CL\u00c9S EN MAIN<\/span>            <h1>Des innovations expertes tout-en-un <strong>pour tous les besoins<\/strong> <\/h1>\t\t\t<span class=\"sub-title\">Utilisant uniquement nos produits innovants de la plateforme d&#8217;analyse GC en ligne, notre solution cl\u00e9s en main d&#8217;analyse des gaz en continu est compacte, sans jamais compromettre la robustesse ou la performance. <\/span>                    <\/div>\n            <\/div>\n<\/div>\n\n\n<div class=\"bk-grid-icons\">\n    <div class=\"wrapper-s\">\n        <h2>Pourquoi choisir <strong>nos solutions en continu?<\/strong><\/h2>                    <div class=\"grid\">\n                                    <div class=\"item\">\n                        <img decoding=\"async\" src=\"https:\/\/cvproducts.ca\/wp-content\/uploads\/2021\/11\/lowMaintenance.png\" alt=\"\">                        <span>Peu d&#8217;entretien<\/span>                                            <\/div>\n                                    <div class=\"item\">\n                        <img decoding=\"async\" src=\"https:\/\/cvproducts.ca\/wp-content\/uploads\/2021\/11\/continuousoperation.svg\" alt=\"\">                        <span>Fonctionnement en continu 24\/7<\/span>                                            <\/div>\n                                    <div class=\"item\">\n                        <img decoding=\"async\" src=\"https:\/\/cvproducts.ca\/wp-content\/uploads\/2021\/11\/quality.svg\" alt=\"\">                        <span>Qualit\u00e9 sup\u00e9rieure<\/span>                                            <\/div>\n                                    <div class=\"item\">\n                        <img decoding=\"async\" src=\"https:\/\/cvproducts.ca\/wp-content\/uploads\/2021\/11\/plugandplay.svg\" alt=\"\">                        <span>Pr\u00eat \u00e0 l&#8217;emploi, facile \u00e0 utiliser<\/span>                                            <\/div>\n                            <\/div>\n            <\/div>\n<\/div>\n\n<div class=\"bk-prod-full-w\">\n    <div class=\"wrapper-s\">\n        <h2>Nos solutions cl\u00e9s en main <strong>d&#8217;analyse en continu<\/strong><\/h2>        <div class=\"grid\">\n                        <div class=\"item\">\n                                <div class=\"image\">\n                    <img decoding=\"async\" src=\"https:\/\/cvproducts.ca\/wp-content\/uploads\/2021\/11\/online_sol.jpg\" alt=\"\">\n                <\/div>\n                                <div class=\"content\">\n                    <h3 class=\"has-sub\">N<sub>2<\/sub>Sense<\/h3>\n                                            <span class=\"sub-title\">La solution la plus stable et la plus compacte<\/span>\n                                        <div class=\"row\">\n                        <div class=\"cl\">\n                            <p>Bas\u00e9 sur notre technologie de d\u00e9tection par d\u00e9charge plasma am\u00e9lior\u00e9e (Epd) et sur un algorithme de compensation spectrale exclusif, le N<sub>2<\/sub>Sense offre les meilleures performances dans le plus petit bo\u00eetier.<\/p>\n                                                            <a href=\"https:\/\/cvproducts.ca\/fr\/?p=3517\" class=\"btn\">En savoir plus<\/a>\n                                                    <\/div>\n                                                    <div class=\"column\">\n                                <strong>Applications typiques<\/strong>\n                                <ul>\n<li>N<sub>2<\/sub> in Ar<\/li>\n<li>N<sub>2<\/sub> in He<\/li>\n<\/ul>\n                            <\/div>\n                                            <\/div>\n                <\/div>\n            <\/div>\n                        <div class=\"item\">\n                                <div class=\"image\">\n                    <img decoding=\"async\" src=\"https:\/\/cvproducts.ca\/wp-content\/uploads\/2022\/04\/ASDevices-img-SenseSeries-1-580x380.jpg\" alt=\"\">\n                <\/div>\n                                <div class=\"content\">\n                    <h3 class=\"\">O<sub>2<\/sub>Sense<\/h3>\n                                        <div class=\"row\">\n                        <div class=\"cl\">\n                            <p>Bas\u00e9 sur une cellule \u00e9lectrochimique de haute qualit\u00e9, l&#8217;O<sub>2<\/sub>Sense offre les meilleures performances dans le plus petit emballage.<\/p>\n                                                            <a href=\"https:\/\/cvproducts.ca\/fr\/?p=3519\" class=\"btn\">En savoir plus<\/a>\n                                                    <\/div>\n                                                    <div class=\"column\">\n                                <strong>Applications typiques<\/strong>\n                                <ul>\n<li>Contr\u00f4le de la qualit\u00e9 de l&#8217;oxyg\u00e8ne \u00e0 l&#8217;\u00e9tat de traces<\/li>\n<li>Mesure du pourcentage d&#8217;oxyg\u00e8ne<\/li>\n<\/ul>\n                            <\/div>\n                                            <\/div>\n                <\/div>\n            <\/div>\n                        <div class=\"item\">\n                                <div class=\"image\">\n                    <img decoding=\"async\" src=\"https:\/\/cvproducts.ca\/wp-content\/uploads\/2022\/04\/ASDevices-img-SenseSeries-1-580x380.jpg\" alt=\"\">\n                <\/div>\n                                <div class=\"content\">\n                    <h3 class=\"\">HCSense<\/h3>\n                                        <div class=\"row\">\n                        <div class=\"cl\">\n                            <p>Bas\u00e9 sur notre technologie de d\u00e9tection eFID et sur les \u00e9lectrom\u00e8tres haut de gamme eSense, le HCSense offre les meilleures performances dans le plus petit emballage.<\/p>\n                                                            <a href=\"https:\/\/cvproducts.ca\/fr\/?p=3521\" class=\"btn\">En savoir plus<\/a>\n                                                    <\/div>\n                                                    <div class=\"column\">\n                                <strong>Applications typiques<\/strong>\n                                <ul>\n<li>THC dans l&#8217;oxyg\u00e8ne liquide<\/li>\n<li>THC dans l&#8217;argon, l&#8217;h\u00e9lium, l&#8217;azote, l&#8217;hydrog\u00e8ne<\/li>\n<li>THC dans le CO<sub>2<\/sub><\/li>\n<\/ul>\n                            <\/div>\n                                            <\/div>\n                <\/div>\n            <\/div>\n                    <\/div>\n    <\/div>\n<\/div>\n\n\n<div class=\"bk-banner-dark\">\n    <div class=\"wrapper-s\">\n        <h2>Don\u2019t see your application here?<\/h2><p>We are driven by innovation. We always like to work with our customers when they have a new challenge. All our technologies were designed for a purpose, meeting new challenges. If you can\u2019t find an analytical solution, contact one of our experts.<\/p>\n<a class=\"btn hover-up\" target=\"\" href=\"https:\/\/cvproducts.ca\/contact\/\">Contact us<\/a>    <\/div>\n<\/div>\n\n\n<div class=\"bk-img-text-cta   \">\n    <div class=\"wrapper-s\">\n        <h2><strong>Epd sensing<\/strong> technology<\/h2>        <div class=\"grid\">\n            <div class=\"item image\">\n                <img decoding=\"async\" src=\"https:\/\/cvproducts.ca\/wp-content\/uploads\/2021\/12\/EPD.png\" alt=\"\">            <\/div>\n            <div class=\"item content\">\n                <p>With unsurpassed sensitivity and stability thanks to a proprietary spectral compensation algorithm, our enhanced plasma discharge\u00a0(Epd) technology brings a new level of performance to this application. What\u2019s more, its metal plasma cell design withstands high pressure and is not susceptible to breakage like quartz cell design is.<\/p>\n<p class=\"no-margin\"><strong>Key features:<\/strong><\/p>\n<ul>\n<li>Plasma stabilization and electron injection electrodes<\/li>\n<li>Highly robust metal plasma discharge<\/li>\n<li>Spectral compensation technology<\/li>\n<li>Differential wavelength measurement<\/li>\n<\/ul>\n                <a class=\"btn\" target=\"\" href=\"https:\/\/cvproducts.ca\/gc-solutions\/\">LEARN MORE ABOUT EPD<\/a>            <\/div>\n        <\/div>\n    <\/div>\n<\/div>\n","protected":false},"excerpt":{"rendered":"","protected":false},"author":1,"featured_media":3330,"parent":0,"menu_order":0,"comment_status":"closed","ping_status":"closed","template":"","meta":{"_acf_changed":false,"inline_featured_image":false,"footnotes":""},"class_list":["post-3394","page","type-page","status-publish","has-post-thumbnail","hentry"],"acf":[],"yoast_head":"<!-- This site is optimized with the Yoast SEO plugin v26.4 - https:\/\/yoast.com\/wordpress\/plugins\/seo\/ -->\n<title>Solutions en continu - CVP Valves<\/title>\n<meta name=\"description\" content=\"Online continuous gas analysis solutions for hydrogen purity, nitrogen in argon or helium, Trace oxygen quality control, THC and many more.\" \/>\n<meta name=\"robots\" content=\"index, follow, max-snippet:-1, max-image-preview:large, max-video-preview:-1\" \/>\n<link rel=\"canonical\" href=\"https:\/\/cvproducts.ca\/onlinesolutions\/\" \/>\n<meta property=\"og:locale\" content=\"fr_FR\" \/>\n<meta property=\"og:type\" content=\"article\" \/>\n<meta property=\"og:title\" content=\"Solutions en continu - CVP Valves\" \/>\n<meta property=\"og:description\" content=\"Online continuous gas analysis solutions for hydrogen purity, nitrogen in argon or helium, Trace oxygen quality control, THC and many more.\" \/>\n<meta property=\"og:url\" content=\"https:\/\/cvproducts.ca\/onlinesolutions\/\" \/>\n<meta property=\"og:site_name\" content=\"CVP Valves\" \/>\n<meta property=\"article:modified_time\" content=\"2024-01-19T19:55:44+00:00\" \/>\n<meta property=\"og:image\" content=\"https:\/\/cvproducts.ca\/wp-content\/uploads\/2023\/05\/Capture-decran-le-2023-05-10-a-12.01.58.png\" \/>\n\t<meta property=\"og:image:width\" content=\"1414\" \/>\n\t<meta property=\"og:image:height\" content=\"864\" \/>\n\t<meta property=\"og:image:type\" content=\"image\/png\" \/>\n<meta name=\"twitter:card\" content=\"summary_large_image\" \/>\n<script type=\"application\/ld+json\" class=\"yoast-schema-graph\">{\"@context\":\"https:\/\/schema.org\",\"@graph\":[{\"@type\":\"WebPage\",\"@id\":\"https:\/\/cvproducts.ca\/onlinesolutions\/\",\"url\":\"https:\/\/cvproducts.ca\/onlinesolutions\/\",\"name\":\"Solutions en continu - CVP Valves\",\"isPartOf\":{\"@id\":\"https:\/\/cvproducts.ca\/#website\"},\"primaryImageOfPage\":{\"@id\":\"https:\/\/cvproducts.ca\/onlinesolutions\/#primaryimage\"},\"image\":{\"@id\":\"https:\/\/cvproducts.ca\/onlinesolutions\/#primaryimage\"},\"thumbnailUrl\":\"https:\/\/cvproducts.ca\/wp-content\/uploads\/2023\/05\/Capture-decran-le-2023-05-10-a-12.01.58.png\",\"datePublished\":\"2021-11-25T19:47:48+00:00\",\"dateModified\":\"2024-01-19T19:55:44+00:00\",\"description\":\"Online continuous gas analysis solutions for hydrogen purity, nitrogen in argon or helium, Trace oxygen quality control, THC and many more.\",\"breadcrumb\":{\"@id\":\"https:\/\/cvproducts.ca\/onlinesolutions\/#breadcrumb\"},\"inLanguage\":\"fr-FR\",\"potentialAction\":[{\"@type\":\"ReadAction\",\"target\":[\"https:\/\/cvproducts.ca\/onlinesolutions\/\"]}]},{\"@type\":\"ImageObject\",\"inLanguage\":\"fr-FR\",\"@id\":\"https:\/\/cvproducts.ca\/onlinesolutions\/#primaryimage\",\"url\":\"https:\/\/cvproducts.ca\/wp-content\/uploads\/2023\/05\/Capture-decran-le-2023-05-10-a-12.01.58.png\",\"contentUrl\":\"https:\/\/cvproducts.ca\/wp-content\/uploads\/2023\/05\/Capture-decran-le-2023-05-10-a-12.01.58.png\",\"width\":1414,\"height\":864},{\"@type\":\"BreadcrumbList\",\"@id\":\"https:\/\/cvproducts.ca\/onlinesolutions\/#breadcrumb\",\"itemListElement\":[{\"@type\":\"ListItem\",\"position\":1,\"name\":\"Home\",\"item\":\"https:\/\/cvproducts.ca\/fr\/\"},{\"@type\":\"ListItem\",\"position\":2,\"name\":\"Solutions en continu\"}]},{\"@type\":\"WebSite\",\"@id\":\"https:\/\/cvproducts.ca\/#website\",\"url\":\"https:\/\/cvproducts.ca\/\",\"name\":\"CVProducts\",\"description\":\"\",\"publisher\":{\"@id\":\"https:\/\/cvproducts.ca\/#organization\"},\"potentialAction\":[{\"@type\":\"SearchAction\",\"target\":{\"@type\":\"EntryPoint\",\"urlTemplate\":\"https:\/\/cvproducts.ca\/?s={search_term_string}\"},\"query-input\":{\"@type\":\"PropertyValueSpecification\",\"valueRequired\":true,\"valueName\":\"search_term_string\"}}],\"inLanguage\":\"fr-FR\"},{\"@type\":\"Organization\",\"@id\":\"https:\/\/cvproducts.ca\/#organization\",\"name\":\"CVProducts\",\"url\":\"https:\/\/cvproducts.ca\/\",\"logo\":{\"@type\":\"ImageObject\",\"inLanguage\":\"fr-FR\",\"@id\":\"https:\/\/cvproducts.ca\/#\/schema\/logo\/image\/\",\"url\":\"https:\/\/cvproducts.ca\/wp-content\/uploads\/2025\/05\/logo-cvp.jpg\",\"contentUrl\":\"https:\/\/cvproducts.ca\/wp-content\/uploads\/2025\/05\/logo-cvp.jpg\",\"width\":294,\"height\":177,\"caption\":\"CVProducts\"},\"image\":{\"@id\":\"https:\/\/cvproducts.ca\/#\/schema\/logo\/image\/\"},\"sameAs\":[\"https:\/\/www.linkedin.com\/company\/asdevices\/mycompany\/?viewAsMember=true\"]}]}<\/script>\n<!-- \/ Yoast SEO plugin. -->","yoast_head_json":{"title":"Solutions en continu - CVP Valves","description":"Online continuous gas analysis solutions for hydrogen purity, nitrogen in argon or helium, Trace oxygen quality control, THC and many more.","robots":{"index":"index","follow":"follow","max-snippet":"max-snippet:-1","max-image-preview":"max-image-preview:large","max-video-preview":"max-video-preview:-1"},"canonical":"https:\/\/cvproducts.ca\/onlinesolutions\/","og_locale":"fr_FR","og_type":"article","og_title":"Solutions en continu - CVP Valves","og_description":"Online continuous gas analysis solutions for hydrogen purity, nitrogen in argon or helium, Trace oxygen quality control, THC and many more.","og_url":"https:\/\/cvproducts.ca\/onlinesolutions\/","og_site_name":"CVP Valves","article_modified_time":"2024-01-19T19:55:44+00:00","og_image":[{"width":1414,"height":864,"url":"https:\/\/cvproducts.ca\/wp-content\/uploads\/2023\/05\/Capture-decran-le-2023-05-10-a-12.01.58.png","type":"image\/png"}],"twitter_card":"summary_large_image","schema":{"@context":"https:\/\/schema.org","@graph":[{"@type":"WebPage","@id":"https:\/\/cvproducts.ca\/onlinesolutions\/","url":"https:\/\/cvproducts.ca\/onlinesolutions\/","name":"Solutions en continu - CVP Valves","isPartOf":{"@id":"https:\/\/cvproducts.ca\/#website"},"primaryImageOfPage":{"@id":"https:\/\/cvproducts.ca\/onlinesolutions\/#primaryimage"},"image":{"@id":"https:\/\/cvproducts.ca\/onlinesolutions\/#primaryimage"},"thumbnailUrl":"https:\/\/cvproducts.ca\/wp-content\/uploads\/2023\/05\/Capture-decran-le-2023-05-10-a-12.01.58.png","datePublished":"2021-11-25T19:47:48+00:00","dateModified":"2024-01-19T19:55:44+00:00","description":"Online continuous gas analysis solutions for hydrogen purity, nitrogen in argon or helium, Trace oxygen quality control, THC and many more.","breadcrumb":{"@id":"https:\/\/cvproducts.ca\/onlinesolutions\/#breadcrumb"},"inLanguage":"fr-FR","potentialAction":[{"@type":"ReadAction","target":["https:\/\/cvproducts.ca\/onlinesolutions\/"]}]},{"@type":"ImageObject","inLanguage":"fr-FR","@id":"https:\/\/cvproducts.ca\/onlinesolutions\/#primaryimage","url":"https:\/\/cvproducts.ca\/wp-content\/uploads\/2023\/05\/Capture-decran-le-2023-05-10-a-12.01.58.png","contentUrl":"https:\/\/cvproducts.ca\/wp-content\/uploads\/2023\/05\/Capture-decran-le-2023-05-10-a-12.01.58.png","width":1414,"height":864},{"@type":"BreadcrumbList","@id":"https:\/\/cvproducts.ca\/onlinesolutions\/#breadcrumb","itemListElement":[{"@type":"ListItem","position":1,"name":"Home","item":"https:\/\/cvproducts.ca\/fr\/"},{"@type":"ListItem","position":2,"name":"Solutions en continu"}]},{"@type":"WebSite","@id":"https:\/\/cvproducts.ca\/#website","url":"https:\/\/cvproducts.ca\/","name":"CVProducts","description":"","publisher":{"@id":"https:\/\/cvproducts.ca\/#organization"},"potentialAction":[{"@type":"SearchAction","target":{"@type":"EntryPoint","urlTemplate":"https:\/\/cvproducts.ca\/?s={search_term_string}"},"query-input":{"@type":"PropertyValueSpecification","valueRequired":true,"valueName":"search_term_string"}}],"inLanguage":"fr-FR"},{"@type":"Organization","@id":"https:\/\/cvproducts.ca\/#organization","name":"CVProducts","url":"https:\/\/cvproducts.ca\/","logo":{"@type":"ImageObject","inLanguage":"fr-FR","@id":"https:\/\/cvproducts.ca\/#\/schema\/logo\/image\/","url":"https:\/\/cvproducts.ca\/wp-content\/uploads\/2025\/05\/logo-cvp.jpg","contentUrl":"https:\/\/cvproducts.ca\/wp-content\/uploads\/2025\/05\/logo-cvp.jpg","width":294,"height":177,"caption":"CVProducts"},"image":{"@id":"https:\/\/cvproducts.ca\/#\/schema\/logo\/image\/"},"sameAs":["https:\/\/www.linkedin.com\/company\/asdevices\/mycompany\/?viewAsMember=true"]}]}},"_links":{"self":[{"href":"https:\/\/cvproducts.ca\/fr\/wp-json\/wp\/v2\/pages\/3394","targetHints":{"allow":["GET"]}}],"collection":[{"href":"https:\/\/cvproducts.ca\/fr\/wp-json\/wp\/v2\/pages"}],"about":[{"href":"https:\/\/cvproducts.ca\/fr\/wp-json\/wp\/v2\/types\/page"}],"author":[{"embeddable":true,"href":"https:\/\/cvproducts.ca\/fr\/wp-json\/wp\/v2\/users\/1"}],"replies":[{"embeddable":true,"href":"https:\/\/cvproducts.ca\/fr\/wp-json\/wp\/v2\/comments?post=3394"}],"version-history":[{"count":3,"href":"https:\/\/cvproducts.ca\/fr\/wp-json\/wp\/v2\/pages\/3394\/revisions"}],"predecessor-version":[{"id":3398,"href":"https:\/\/cvproducts.ca\/fr\/wp-json\/wp\/v2\/pages\/3394\/revisions\/3398"}],"wp:featuredmedia":[{"embeddable":true,"href":"https:\/\/cvproducts.ca\/fr\/wp-json\/wp\/v2\/media\/3330"}],"wp:attachment":[{"href":"https:\/\/cvproducts.ca\/fr\/wp-json\/wp\/v2\/media?parent=3394"}],"curies":[{"name":"wp","href":"https:\/\/api.w.org\/{rel}","templated":true}]}}