{"id":3364,"date":"2021-11-04T13:30:50","date_gmt":"2021-11-04T13:30:50","guid":{"rendered":"https:\/\/cvproducts.ca\/about-us\/"},"modified":"2024-09-17T13:13:55","modified_gmt":"2024-09-17T13:13:55","slug":"a-propos","status":"publish","type":"page","link":"https:\/\/cvproducts.ca\/fr\/a-propos\/","title":{"rendered":"\u00c0 propos de nous"},"content":{"rendered":"<div class=\"bk-inter-hero  \">\n    <div class=\"wrapper-s\">\n                    <span class=\"breadcrumbs\"><!-- Breadcrumb NavXT 7.4.1 -->\n<span property=\"itemListElement\" typeof=\"ListItem\"><a property=\"item\" typeof=\"WebPage\" title=\"Go to CVP Valves.\" href=\"https:\/\/cvproducts.ca\/fr\/\" class=\"home\" ><span property=\"name\">Home<\/span><\/a><meta property=\"position\" content=\"1\"><\/span> <i>&gt; <\/i><span property=\"itemListElement\" typeof=\"ListItem\"><a property=\"item\" typeof=\"WebPage\" title=\"Go to \u00c0 propos de nous.\" href=\"https:\/\/cvproducts.ca\/fr\/a-propos\/\" class=\"post post-page\" ><span property=\"name\">\u00c0 propos de nous<\/span><\/a><meta property=\"position\" content=\"2\"><\/span> <i>&gt; <\/i><span property=\"itemListElement\" typeof=\"ListItem\"><a property=\"item\" typeof=\"WebPage\" title=\"Go to Nos nouvelles.\" href=\"https:\/\/cvproducts.ca\/fr\/a-propos\/our-news\/\" class=\"post-root post post-post\" aria-current=\"page\"><span property=\"name\">Nos nouvelles<\/span><\/a><meta property=\"position\" content=\"3\"><\/span><\/span>\n                            <div class=\"image\">\n                                                                                        <img decoding=\"async\" src=\"https:\/\/cvproducts.ca\/wp-content\/uploads\/2024\/09\/Img-Expert.png\" alt=\"\">\n                                                                        <\/div>\n                        <div class=\"content\">\n            <span class=\"sup-title\">\u00c0 propos de nous<\/span>            <h1>Nous mettons toujours au d\u00e9fi de concevoir <strong>mieux et plus intelligemment<\/strong>. <\/h1>\t\t\t<span class=\"sub-title\"><p>Notre \u00e9quipe d&#8217;experts vous en construira un sur mesure et l&#8217;int\u00e9grera \u00e9galement. Vous \u00eates \u00e0 la recherche de composants et d&#8217;accessoires de haute qualit\u00e9 pour l&#8217;analyse des gaz afin de construire votre propre solution ? Nous proposons non seulement une gamme compl\u00e8te de produits de chromatographie en phase gazeuse, mais aussi des conseils et une assistance pour vous aider \u00e0 le faire vous-m\u00eame. Quel que soit votre choix, vous obtiendrez la tranquillit\u00e9 d&#8217;esprit dont vous avez besoin, quel que soit votre secteur d&#8217;activit\u00e9.<\/p><\/span>                    <\/div>\n            <\/div>\n<\/div>\n\n\n\n<div class=\"wp-block-group alignfull has-white-color has-black-background-color has-text-color has-background has-link-color has-large-font-size wp-elements-a4ab338147eb391df821dbbf856ec611 is-layout-constrained wp-container-core-group-is-layout-39412042 wp-block-group-is-layout-constrained\" style=\"padding-top:var(--wp--preset--spacing--40);padding-right:var(--wp--preset--spacing--50);padding-bottom:var(--wp--preset--spacing--40);padding-left:var(--wp--preset--spacing--50)\">\n<p class=\"has-text-align-center\">CVProducts is an ASDevices sister company. <br><strong>Different name, same quality.<\/strong><\/p>\n<\/div>\n\n\n\n<div style=\"height:100px\" aria-hidden=\"true\" class=\"wp-block-spacer\"><\/div>\n\n\n\n<h2 class=\"wp-block-heading has-text-align-center\" style=\"margin-bottom:var(--wp--preset--spacing--30)\">Continuous <strong>innovation<\/strong><\/h2>\n\n\n\n<div class=\"wp-block-columns are-vertically-aligned-center wrapper is-layout-flex wp-container-core-columns-is-layout-c6809a2b wp-block-columns-is-layout-flex\">\n<div class=\"wp-block-column is-vertically-aligned-center is-layout-flow wp-block-column-is-layout-flow\">\n<figure class=\"wp-block-image size-full\"><img loading=\"lazy\" decoding=\"async\" width=\"606\" height=\"606\" src=\"https:\/\/cvproducts.ca\/wp-content\/uploads\/2024\/08\/ValvesHomePage-1.png\" alt=\"\" class=\"wp-image-4366\" srcset=\"https:\/\/cvproducts.ca\/wp-content\/uploads\/2024\/08\/ValvesHomePage-1.png 606w, https:\/\/cvproducts.ca\/wp-content\/uploads\/2024\/08\/ValvesHomePage-1-300x300.png 300w, https:\/\/cvproducts.ca\/wp-content\/uploads\/2024\/08\/ValvesHomePage-1-150x150.png 150w, https:\/\/cvproducts.ca\/wp-content\/uploads\/2024\/08\/ValvesHomePage-1-600x600.png 600w\" sizes=\"auto, (max-width: 606px) 100vw, 606px\" \/><\/figure>\n<\/div>\n\n\n\n<div class=\"wp-block-column is-vertically-aligned-center is-layout-flow wp-block-column-is-layout-flow\">\n<p>Created by the inventor of the first purged diaphragm valve and backed by over 20 years of innovations, CVProducts offers the most durable and reliable GC valves on the market. Enjoy robust, long-lasting, leak-free chromatographic valves and avoid gas analysis downtime.<\/p>\n\n\n\n<p>Our groundbreaking GC valve technologies feature a patented performance testing method, ensuring quality that surpasses others. Our unique leak testing system is four times more sensitive than helium mass spectrometers. We test 100% of our valves during manufacturing, guaranteeing quality and offering a 3-year warranty.*<\/p>\n\n\n\n<p>At CVProducts, we strive to design better, smarter, more cost-efficient chromatographic valves and accessories to optimize your processes.<\/p>\n\n\n\n<p>Looking for reliable, long-lasting valves? We offer a complete range of valves and accessories, plus expert guidance and support.<\/p>\n\n\n\n<p>With over 20 years of continuous R&amp;D, we confidently provide the best GC valves on the market. If you&#8217;re not yet a CVProducts customer, you&#8217;re missing out!<\/p>\n\n\n\n<p class=\"has-text-color has-link-color has-tiny-font-size wp-elements-ceb37ff065e8482ccea42590debcd9b3\" style=\"color:#979797\">* Some conditions apply.<\/p>\n\n\n\n<div class=\"wp-block-buttons is-layout-flex wp-block-buttons-is-layout-flex\">\n<div class=\"wp-block-button\"><a class=\"wp-block-button__link has-bleu-background-color has-background wp-element-button\" href=\"https:\/\/cvproducts.ca\/about-us\/our-patents\/\">See all our patents<\/a><\/div>\n<\/div>\n<\/div>\n<\/div>\n\n\n\n<div style=\"height:100px\" aria-hidden=\"true\" class=\"wp-block-spacer\"><\/div>\n\n\n\n<div class=\"wp-block-group alignfull has-light-blue-background-color has-background is-layout-constrained wp-block-group-is-layout-constrained\" style=\"padding-top:var(--wp--preset--spacing--50);padding-bottom:var(--wp--preset--spacing--50)\">\n<h2 class=\"wp-block-heading has-text-align-center has-large-font-size\" style=\"margin-bottom:var(--wp--preset--spacing--30)\">La technologie existante n\u2019\u00e9tait pas \u00e0 la hauteur<\/h2>\n\n\n\n<p class=\"has-text-align-center\">Tout a commenc\u00e9 au d\u00e9but des ann\u00e9es 90, lorsque notre PDG Yves Gamache a travaill\u00e9 dans une usine de s\u00e9paration d\u2019air. Lorsqu\u2019il a constat\u00e9 les limites des analyseurs de gaz existants, il a eu l\u2019impulsion de cr\u00e9er quelque chose de mieux, et le premier analyseur num\u00e9rique de traces de N2 \u00e9tait n\u00e9. Il a rapidement form\u00e9 une soci\u00e9t\u00e9 avec Andr\u00e9 Fortier, puis Andr\u00e9 Lamontagne, et Frank Zhu s\u2019est joint \u00e0 l\u2019\u00e9quipe au fur et \u00e0 mesure que les activit\u00e9s se sont \u00e9tendues \u00e0 l\u2019\u00e9chelle mondiale. Au fil des ans, l\u2019\u00e9quipe a r\u00e9volutionn\u00e9 l\u2019industrie en am\u00e9liorant d\u2019innombrables technologies et en inventant et brevetant 180 nouvelles id\u00e9es\u2026 \u00e0 ce jour.<\/p>\n\n\n\n<div class=\"wp-block-buttons is-content-justification-center is-layout-flex wp-container-core-buttons-is-layout-a89b3969 wp-block-buttons-is-layout-flex\">\n<div class=\"wp-block-button\"><a class=\"wp-block-button__link has-bleu-background-color has-background wp-element-button\" href=\"https:\/\/cvproducts.ca\/fr\/a-propos\/our-story\/\">Lire toute notre histoire<\/a><\/div>\n\n\n\n<div class=\"wp-block-button\"><a class=\"wp-block-button__link has-bleu-background-color has-background wp-element-button\" href=\"https:\/\/cvproducts.ca\/fr\/a-propos\/our-patents\/\">Voir tous nos brevets<\/a><\/div>\n<\/div>\n<\/div>\n\n\n\n<div class=\"wp-block-group is-layout-constrained wp-block-group-is-layout-constrained\" style=\"padding-top:var(--wp--preset--spacing--60);padding-bottom:var(--wp--preset--spacing--60)\">\n<h2 class=\"wp-block-heading has-text-align-center wrapper\" style=\"margin-bottom:var(--wp--preset--spacing--30);line-height:1\"><strong>Voici les innovateurs<\/strong>, les ing\u00e9nieurs et les pionniers<\/h2>\n\n\n\n<div style=\"height:var(--wp--preset--spacing--30)\" aria-hidden=\"true\" class=\"wp-block-spacer\"><\/div>\n\n\n\n<div class=\"wp-block-columns are-vertically-aligned-center wrapper is-layout-flex wp-container-core-columns-is-layout-28f84493 wp-block-columns-is-layout-flex\">\n<div class=\"wp-block-column is-vertically-aligned-center is-layout-flow wp-block-column-is-layout-flow\" style=\"flex-basis:66.66%\">\n<h3 class=\"wp-block-heading has-bleu-color has-text-color has-link-color has-medium-font-size wp-elements-dc1fee1fbe749613e9be47e956fee45a\" style=\"font-style:normal;font-weight:700\">Yves Gamache<\/h3>\n\n\n\n<p>Pr\u00e9sident et directeur g\u00e9n\u00e9ral de l\u2019innovation<\/p>\n\n\n\n<p>Yves Gamache se passionne depuis longtemps pour l\u2019instrumentation, l\u2019automatisation et le contr\u00f4le des processus analytiques. Au cours d\u2019une carri\u00e8re consacr\u00e9e au d\u00e9veloppement et \u00e0 l\u2019am\u00e9lioration des technologies, il est devenu un expert et un pionnier de renomm\u00e9e mondiale dans le domaine de la chromatographie en phase gazeuse, avec 166 brevets distincts portant sur plus de 30 sujets diff\u00e9rents. Parmi ses principales r\u00e9alisations, on peut citer le d\u00e9veloppement du premier d\u00e9tecteur d\u2019\u00e9mission plasma (PED) qui est devenu une norme industrielle mondiale dans le domaine de la s\u00e9paration de l\u2019air, utilis\u00e9 pour mesurer la puret\u00e9 de l\u2019argon. Cette technologie est actuellement appliqu\u00e9e pour prot\u00e9ger les aimants du grand collisionneur de hadrons en Suisse.<\/p>\n\n\n\n<p class=\"inline-img\"><strong><img loading=\"lazy\" decoding=\"async\" width=\"12\" height=\"11\" class=\"wp-image-4496\" style=\"width: 12px;\" src=\"https:\/\/cvproducts.ca\/wp-content\/uploads\/2024\/08\/38px.svg\" alt=\"\"> <a href=\"https:\/\/www.linkedin.com\/in\/yves-gamache-a4269a27\/\" target=\"_blank\" rel=\"noreferrer noopener\">En savoir plus sur Yves Gamache (Profil LinkedIn)<\/a><\/strong><\/p>\n<\/div>\n\n\n\n<div class=\"wp-block-column is-vertically-aligned-center is-style-order-first is-layout-flow wp-block-column-is-layout-flow\" style=\"padding-left:var(--wp--preset--spacing--30);flex-basis:33.3%\">\n<figure class=\"wp-block-image size-full\"><img loading=\"lazy\" decoding=\"async\" width=\"500\" height=\"500\" src=\"https:\/\/cvproducts.ca\/wp-content\/uploads\/2024\/08\/yves-gamache.png\" alt=\"\" class=\"wp-image-4580\" srcset=\"https:\/\/cvproducts.ca\/wp-content\/uploads\/2024\/08\/yves-gamache.png 500w, https:\/\/cvproducts.ca\/wp-content\/uploads\/2024\/08\/yves-gamache-300x300.png 300w, https:\/\/cvproducts.ca\/wp-content\/uploads\/2024\/08\/yves-gamache-150x150.png 150w\" sizes=\"auto, (max-width: 500px) 100vw, 500px\" \/><\/figure>\n<\/div>\n<\/div>\n\n\n\n<div style=\"height:var(--wp--preset--spacing--40)\" aria-hidden=\"true\" class=\"wp-block-spacer\"><\/div>\n\n\n\n<div class=\"wp-block-columns are-vertically-aligned-center wrapper is-layout-flex wp-container-core-columns-is-layout-28f84493 wp-block-columns-is-layout-flex\">\n<div class=\"wp-block-column is-vertically-aligned-center is-layout-flow wp-block-column-is-layout-flow\" style=\"flex-basis:33.33%\">\n<figure class=\"wp-block-image size-full\"><img loading=\"lazy\" decoding=\"async\" width=\"496\" height=\"496\" src=\"https:\/\/cvproducts.ca\/wp-content\/uploads\/2024\/09\/Lamontagne.png\" alt=\"\" class=\"wp-image-4646\" srcset=\"https:\/\/cvproducts.ca\/wp-content\/uploads\/2024\/09\/Lamontagne.png 496w, https:\/\/cvproducts.ca\/wp-content\/uploads\/2024\/09\/Lamontagne-300x300.png 300w, https:\/\/cvproducts.ca\/wp-content\/uploads\/2024\/09\/Lamontagne-150x150.png 150w\" sizes=\"auto, (max-width: 496px) 100vw, 496px\" \/><\/figure>\n<\/div>\n\n\n\n<div class=\"wp-block-column is-vertically-aligned-center is-layout-flow wp-block-column-is-layout-flow\" style=\"padding-left:var(--wp--preset--spacing--30);flex-basis:66.66%\">\n<h3 class=\"wp-block-heading has-bleu-color has-text-color has-link-color has-medium-font-size wp-elements-2bf647b7f9eab2f99a80e51d5ff9a2dd\" style=\"font-style:normal;font-weight:700\">Andr\u00e9 Lamontagne, Ing., EMBA<\/h3>\n\n\n\n<p>Pr\u00e9sident<\/p>\n\n\n\n<p>Chef d\u2019entreprise chevronn\u00e9, Andr\u00e9 Lamontagne est reconnu pour sa capacit\u00e9 \u00e0 mettre en \u0153uvre des strat\u00e9gies novatrices en combinant ses comp\u00e9tences analytiques et son sens des affaires. Avec 20 ans d\u2019exp\u00e9rience en analytique et une expertise reconnue mondialement en chromatographie en phase gazeuse, il est l\u2019auteur de quatre brevets dans le domaine de l\u2019analyse des gaz et de quatre autres dans le secteur de la sant\u00e9. En 2014, il a \u00e9t\u00e9 l\u2019une des 100 personnes admises \u00e0 l\u2019EMBA de la Harvard Business School, sur 800 candidats. Il a cofond\u00e9 Spira Innovation apr\u00e8s avoir dirig\u00e9 les activit\u00e9s de R&amp;D de Contr\u00f4le Analytique et de Servomex.<\/p>\n\n\n\n<p class=\"inline-img\"><strong><img loading=\"lazy\" decoding=\"async\" width=\"12\" height=\"11\" class=\"wp-image-4496\" style=\"width: 12px;\" src=\"https:\/\/cvproducts.ca\/wp-content\/uploads\/2024\/08\/38px.svg\" alt=\"\"> <a href=\"https:\/\/www.linkedin.com\/in\/andre-lamontagne-b41a7235\/\"> En savoir plus sur Andr\u00e9 Lamontagne (Profil LinkedIn)<\/a><\/strong><\/p>\n<\/div>\n<\/div>\n\n\n\n<div style=\"height:var(--wp--preset--spacing--40)\" aria-hidden=\"true\" class=\"wp-block-spacer\"><\/div>\n\n\n\n<div class=\"wp-block-columns are-vertically-aligned-center wrapper is-layout-flex wp-container-core-columns-is-layout-28f84493 wp-block-columns-is-layout-flex\">\n<div class=\"wp-block-column is-vertically-aligned-center is-layout-flow wp-block-column-is-layout-flow\" style=\"flex-basis:66.66%\">\n<h3 class=\"wp-block-heading has-bleu-color has-text-color has-link-color has-medium-font-size wp-elements-d50ac1ee17ecb2905b4fe9d20c94c4b4\" style=\"font-style:normal;font-weight:700\">Frank Zhu<\/h3>\n\n\n\n<p>V.-P. ventes mondiales<\/p>\n\n\n\n<p>En tant que chef d\u2019entreprise chevronn\u00e9 dans le secteur de l\u2019analyse des gaz, Frank Zhu poss\u00e8de une solide formation en sciences des mat\u00e9riaux et en ing\u00e9nierie, ainsi qu\u2019un MBA de l\u2019universit\u00e9 de Tongji \u00e0 Shanghai. Il est \u00e9galement dipl\u00f4m\u00e9 du programme de leadership ex\u00e9cutif de la Harvard Business School. Au cours des postes qu\u2019il a occup\u00e9s chez GE Consumer &amp; Industrial et Servomex, M. Zhu a obtenu d\u2019excellents r\u00e9sultats dans les domaines de la vente et du marketing, tout en d\u00e9veloppant une vision strat\u00e9gique globale.<\/p>\n\n\n\n<p class=\"inline-img\"><strong><img loading=\"lazy\" decoding=\"async\" width=\"12\" height=\"11\" class=\"wp-image-4496\" style=\"width: 12px;\" src=\"https:\/\/cvproducts.ca\/wp-content\/uploads\/2024\/08\/38px.svg\" alt=\"\"> <a href=\"https:\/\/www.linkedin.com\/in\/frank-zhu-9382b01\/\" target=\"_blank\" rel=\"noreferrer noopener\"> En savoir plus sur Frank Zhu (Profil LinkedIn)<\/a><\/strong><\/p>\n<\/div>\n\n\n\n<div class=\"wp-block-column is-vertically-aligned-center is-style-order-first is-layout-flow wp-block-column-is-layout-flow\" style=\"padding-left:var(--wp--preset--spacing--30);flex-basis:33.3%\">\n<figure class=\"wp-block-image size-full\"><img loading=\"lazy\" decoding=\"async\" width=\"497\" height=\"496\" src=\"https:\/\/cvproducts.ca\/wp-content\/uploads\/2024\/09\/Zhu.png\" alt=\"\" class=\"wp-image-4649\" srcset=\"https:\/\/cvproducts.ca\/wp-content\/uploads\/2024\/09\/Zhu.png 497w, https:\/\/cvproducts.ca\/wp-content\/uploads\/2024\/09\/Zhu-300x300.png 300w, https:\/\/cvproducts.ca\/wp-content\/uploads\/2024\/09\/Zhu-150x150.png 150w\" sizes=\"auto, (max-width: 497px) 100vw, 497px\" \/><\/figure>\n<\/div>\n<\/div>\n\n\n\n<div style=\"height:var(--wp--preset--spacing--40)\" aria-hidden=\"true\" class=\"wp-block-spacer\"><\/div>\n<\/div>\n\n\n\n<div class=\"wp-block-group alignfull has-light-blue-background-color has-background is-layout-constrained wp-block-group-is-layout-constrained\" style=\"padding-top:var(--wp--preset--spacing--50);padding-bottom:var(--wp--preset--spacing--70)\"><div class=\"bk-grid-news\">\n    <div class=\"wrapper-s\">\n        <h2>Nouvelles<\/h2>\n        \t\t\n    <\/div>\n<\/div>\n<\/div>\n","protected":false},"excerpt":{"rendered":"<p>CVProducts is an ASDevices sister company. Different name, same quality. Continuous innovation Created by the inventor of the first purged diaphragm valve and backed by over 20 years of innovations, CVProducts offers the most durable and reliable GC valves on the market. Enjoy robust, long-lasting, leak-free chromatographic valves and avoid gas analysis downtime. Our groundbreaking [&hellip;]<\/p>\n","protected":false},"author":1,"featured_media":4716,"parent":0,"menu_order":0,"comment_status":"closed","ping_status":"closed","template":"","meta":{"_acf_changed":false,"inline_featured_image":false,"footnotes":""},"class_list":["post-3364","page","type-page","status-publish","has-post-thumbnail","hentry"],"acf":[],"yoast_head":"<!-- This site is optimized with the Yoast SEO plugin v26.4 - https:\/\/yoast.com\/wordpress\/plugins\/seo\/ -->\n<title>\u00c0 propos de nous - CVP Valves<\/title>\n<meta name=\"description\" content=\"ASDevices is an international leader in gas analysis instruments for semiconductor, hydrogen purity and other industrial gas analysis.\" \/>\n<meta name=\"robots\" content=\"index, follow, max-snippet:-1, max-image-preview:large, max-video-preview:-1\" \/>\n<link rel=\"canonical\" href=\"https:\/\/cvproducts.ca\/about-us\/\" \/>\n<meta property=\"og:locale\" content=\"fr_FR\" \/>\n<meta property=\"og:type\" content=\"article\" \/>\n<meta property=\"og:title\" content=\"\u00c0 propos de nous - CVP Valves\" \/>\n<meta property=\"og:description\" content=\"ASDevices is an international leader in gas analysis instruments for semiconductor, hydrogen purity and other industrial gas analysis.\" \/>\n<meta property=\"og:url\" content=\"https:\/\/cvproducts.ca\/about-us\/\" \/>\n<meta property=\"og:site_name\" content=\"CVP Valves\" \/>\n<meta property=\"article:modified_time\" content=\"2024-09-17T13:13:55+00:00\" \/>\n<meta property=\"og:image\" content=\"https:\/\/cvproducts.ca\/wp-content\/uploads\/2021\/12\/ogimage.jpg\" \/>\n\t<meta property=\"og:image:width\" content=\"1200\" \/>\n\t<meta property=\"og:image:height\" content=\"630\" \/>\n\t<meta property=\"og:image:type\" content=\"image\/jpeg\" \/>\n<meta name=\"twitter:card\" content=\"summary_large_image\" \/>\n<meta name=\"twitter:label1\" content=\"Est. reading time\" \/>\n\t<meta name=\"twitter:data1\" content=\"5 minutes\" \/>\n<script type=\"application\/ld+json\" class=\"yoast-schema-graph\">{\"@context\":\"https:\/\/schema.org\",\"@graph\":[{\"@type\":\"WebPage\",\"@id\":\"https:\/\/cvproducts.ca\/about-us\/\",\"url\":\"https:\/\/cvproducts.ca\/about-us\/\",\"name\":\"\u00c0 propos de nous - CVP Valves\",\"isPartOf\":{\"@id\":\"https:\/\/cvproducts.ca\/#website\"},\"primaryImageOfPage\":{\"@id\":\"https:\/\/cvproducts.ca\/about-us\/#primaryimage\"},\"image\":{\"@id\":\"https:\/\/cvproducts.ca\/about-us\/#primaryimage\"},\"thumbnailUrl\":\"https:\/\/cvproducts.ca\/wp-content\/uploads\/2025\/05\/logo-cvp.jpg\",\"datePublished\":\"2021-11-04T13:30:50+00:00\",\"dateModified\":\"2024-09-17T13:13:55+00:00\",\"description\":\"ASDevices is an international leader in gas analysis instruments for semiconductor, hydrogen purity and other industrial gas analysis.\",\"breadcrumb\":{\"@id\":\"https:\/\/cvproducts.ca\/about-us\/#breadcrumb\"},\"inLanguage\":\"fr-FR\",\"potentialAction\":[{\"@type\":\"ReadAction\",\"target\":[\"https:\/\/cvproducts.ca\/about-us\/\"]}]},{\"@type\":\"ImageObject\",\"inLanguage\":\"fr-FR\",\"@id\":\"https:\/\/cvproducts.ca\/about-us\/#primaryimage\",\"url\":\"https:\/\/cvproducts.ca\/wp-content\/uploads\/2025\/05\/logo-cvp.jpg\",\"contentUrl\":\"https:\/\/cvproducts.ca\/wp-content\/uploads\/2025\/05\/logo-cvp.jpg\",\"width\":294,\"height\":177},{\"@type\":\"BreadcrumbList\",\"@id\":\"https:\/\/cvproducts.ca\/about-us\/#breadcrumb\",\"itemListElement\":[{\"@type\":\"ListItem\",\"position\":1,\"name\":\"Home\",\"item\":\"https:\/\/cvproducts.ca\/fr\/\"},{\"@type\":\"ListItem\",\"position\":2,\"name\":\"\u00c0 propos de nous\"}]},{\"@type\":\"WebSite\",\"@id\":\"https:\/\/cvproducts.ca\/#website\",\"url\":\"https:\/\/cvproducts.ca\/\",\"name\":\"CVProducts\",\"description\":\"\",\"publisher\":{\"@id\":\"https:\/\/cvproducts.ca\/#organization\"},\"potentialAction\":[{\"@type\":\"SearchAction\",\"target\":{\"@type\":\"EntryPoint\",\"urlTemplate\":\"https:\/\/cvproducts.ca\/?s={search_term_string}\"},\"query-input\":{\"@type\":\"PropertyValueSpecification\",\"valueRequired\":true,\"valueName\":\"search_term_string\"}}],\"inLanguage\":\"fr-FR\"},{\"@type\":\"Organization\",\"@id\":\"https:\/\/cvproducts.ca\/#organization\",\"name\":\"CVProducts\",\"url\":\"https:\/\/cvproducts.ca\/\",\"logo\":{\"@type\":\"ImageObject\",\"inLanguage\":\"fr-FR\",\"@id\":\"https:\/\/cvproducts.ca\/#\/schema\/logo\/image\/\",\"url\":\"https:\/\/cvproducts.ca\/wp-content\/uploads\/2025\/05\/logo-cvp.jpg\",\"contentUrl\":\"https:\/\/cvproducts.ca\/wp-content\/uploads\/2025\/05\/logo-cvp.jpg\",\"width\":294,\"height\":177,\"caption\":\"CVProducts\"},\"image\":{\"@id\":\"https:\/\/cvproducts.ca\/#\/schema\/logo\/image\/\"},\"sameAs\":[\"https:\/\/www.linkedin.com\/company\/asdevices\/mycompany\/?viewAsMember=true\"]}]}<\/script>\n<!-- \/ Yoast SEO plugin. -->","yoast_head_json":{"title":"\u00c0 propos de nous - CVP Valves","description":"ASDevices is an international leader in gas analysis instruments for semiconductor, hydrogen purity and other industrial gas analysis.","robots":{"index":"index","follow":"follow","max-snippet":"max-snippet:-1","max-image-preview":"max-image-preview:large","max-video-preview":"max-video-preview:-1"},"canonical":"https:\/\/cvproducts.ca\/about-us\/","og_locale":"fr_FR","og_type":"article","og_title":"\u00c0 propos de nous - CVP Valves","og_description":"ASDevices is an international leader in gas analysis instruments for semiconductor, hydrogen purity and other industrial gas analysis.","og_url":"https:\/\/cvproducts.ca\/about-us\/","og_site_name":"CVP Valves","article_modified_time":"2024-09-17T13:13:55+00:00","og_image":[{"width":1200,"height":630,"url":"https:\/\/cvproducts.ca\/wp-content\/uploads\/2021\/12\/ogimage.jpg","type":"image\/jpeg"}],"twitter_card":"summary_large_image","twitter_misc":{"Est. reading time":"5 minutes"},"schema":{"@context":"https:\/\/schema.org","@graph":[{"@type":"WebPage","@id":"https:\/\/cvproducts.ca\/about-us\/","url":"https:\/\/cvproducts.ca\/about-us\/","name":"\u00c0 propos de nous - CVP Valves","isPartOf":{"@id":"https:\/\/cvproducts.ca\/#website"},"primaryImageOfPage":{"@id":"https:\/\/cvproducts.ca\/about-us\/#primaryimage"},"image":{"@id":"https:\/\/cvproducts.ca\/about-us\/#primaryimage"},"thumbnailUrl":"https:\/\/cvproducts.ca\/wp-content\/uploads\/2025\/05\/logo-cvp.jpg","datePublished":"2021-11-04T13:30:50+00:00","dateModified":"2024-09-17T13:13:55+00:00","description":"ASDevices is an international leader in gas analysis instruments for semiconductor, hydrogen purity and other industrial gas analysis.","breadcrumb":{"@id":"https:\/\/cvproducts.ca\/about-us\/#breadcrumb"},"inLanguage":"fr-FR","potentialAction":[{"@type":"ReadAction","target":["https:\/\/cvproducts.ca\/about-us\/"]}]},{"@type":"ImageObject","inLanguage":"fr-FR","@id":"https:\/\/cvproducts.ca\/about-us\/#primaryimage","url":"https:\/\/cvproducts.ca\/wp-content\/uploads\/2025\/05\/logo-cvp.jpg","contentUrl":"https:\/\/cvproducts.ca\/wp-content\/uploads\/2025\/05\/logo-cvp.jpg","width":294,"height":177},{"@type":"BreadcrumbList","@id":"https:\/\/cvproducts.ca\/about-us\/#breadcrumb","itemListElement":[{"@type":"ListItem","position":1,"name":"Home","item":"https:\/\/cvproducts.ca\/fr\/"},{"@type":"ListItem","position":2,"name":"\u00c0 propos de nous"}]},{"@type":"WebSite","@id":"https:\/\/cvproducts.ca\/#website","url":"https:\/\/cvproducts.ca\/","name":"CVProducts","description":"","publisher":{"@id":"https:\/\/cvproducts.ca\/#organization"},"potentialAction":[{"@type":"SearchAction","target":{"@type":"EntryPoint","urlTemplate":"https:\/\/cvproducts.ca\/?s={search_term_string}"},"query-input":{"@type":"PropertyValueSpecification","valueRequired":true,"valueName":"search_term_string"}}],"inLanguage":"fr-FR"},{"@type":"Organization","@id":"https:\/\/cvproducts.ca\/#organization","name":"CVProducts","url":"https:\/\/cvproducts.ca\/","logo":{"@type":"ImageObject","inLanguage":"fr-FR","@id":"https:\/\/cvproducts.ca\/#\/schema\/logo\/image\/","url":"https:\/\/cvproducts.ca\/wp-content\/uploads\/2025\/05\/logo-cvp.jpg","contentUrl":"https:\/\/cvproducts.ca\/wp-content\/uploads\/2025\/05\/logo-cvp.jpg","width":294,"height":177,"caption":"CVProducts"},"image":{"@id":"https:\/\/cvproducts.ca\/#\/schema\/logo\/image\/"},"sameAs":["https:\/\/www.linkedin.com\/company\/asdevices\/mycompany\/?viewAsMember=true"]}]}},"_links":{"self":[{"href":"https:\/\/cvproducts.ca\/fr\/wp-json\/wp\/v2\/pages\/3364","targetHints":{"allow":["GET"]}}],"collection":[{"href":"https:\/\/cvproducts.ca\/fr\/wp-json\/wp\/v2\/pages"}],"about":[{"href":"https:\/\/cvproducts.ca\/fr\/wp-json\/wp\/v2\/types\/page"}],"author":[{"embeddable":true,"href":"https:\/\/cvproducts.ca\/fr\/wp-json\/wp\/v2\/users\/1"}],"replies":[{"embeddable":true,"href":"https:\/\/cvproducts.ca\/fr\/wp-json\/wp\/v2\/comments?post=3364"}],"version-history":[{"count":10,"href":"https:\/\/cvproducts.ca\/fr\/wp-json\/wp\/v2\/pages\/3364\/revisions"}],"predecessor-version":[{"id":4699,"href":"https:\/\/cvproducts.ca\/fr\/wp-json\/wp\/v2\/pages\/3364\/revisions\/4699"}],"wp:featuredmedia":[{"embeddable":true,"href":"https:\/\/cvproducts.ca\/fr\/wp-json\/wp\/v2\/media\/4716"}],"wp:attachment":[{"href":"https:\/\/cvproducts.ca\/fr\/wp-json\/wp\/v2\/media?parent=3364"}],"curies":[{"name":"wp","href":"https:\/\/api.w.org\/{rel}","templated":true}]}}